{"id":15962,"date":"2023-04-11T16:37:17","date_gmt":"2023-04-11T15:37:17","guid":{"rendered":"https:\/\/kontron-slovenia.com\/domov\/"},"modified":"2024-09-30T15:38:00","modified_gmt":"2024-09-30T14:38:00","slug":"home","status":"publish","type":"page","link":"https:\/\/kontron-slovenia.com\/de\/","title":{"rendered":"Home"},"content":{"rendered":"","protected":false},"excerpt":{"rendered":"","protected":false},"author":1,"featured_media":13760,"parent":0,"menu_order":0,"comment_status":"closed","ping_status":"closed","template":"","meta":{"_acf_changed":false,"footnotes":""},"class_list":["post-15962","page","type-page","status-publish","has-post-thumbnail","hentry"],"acf":[],"yoast_head":"<!-- This site is optimized with the Yoast SEO plugin v26.6 - https:\/\/yoast.com\/wordpress\/plugins\/seo\/ -->\n<title>Intelligente IKT-L\u00f6sungen | Kontron<\/title>\n<meta name=\"description\" content=\"Kontron Slovenia entwickelt mit viel Erfahrung und einmaliger Expertise umfassende IKT-L\u00f6sungen f\u00fcr die Digitalisierung zahlreicher Branchen: intelligente, sichere und zuverl\u00e4ssige L\u00f6sungen f\u00fcr eine bessere, vernetzte Welt.\" \/>\n<meta name=\"robots\" content=\"index, follow, max-snippet:-1, max-image-preview:large, max-video-preview:-1\" \/>\n<link rel=\"canonical\" href=\"https:\/\/kontron-slovenia.com\/de\/\" \/>\n<meta property=\"og:locale\" content=\"de_DE\" \/>\n<meta property=\"og:type\" content=\"article\" \/>\n<meta property=\"og:title\" content=\"Intelligente IKT-L\u00f6sungen | Kontron\" \/>\n<meta property=\"og:description\" content=\"Kontron Slovenia entwickelt mit viel Erfahrung und einmaliger Expertise umfassende IKT-L\u00f6sungen f\u00fcr die Digitalisierung zahlreicher Branchen: intelligente, sichere und zuverl\u00e4ssige L\u00f6sungen f\u00fcr eine bessere, vernetzte Welt.\" \/>\n<meta property=\"og:url\" content=\"https:\/\/kontron-slovenia.com\/de\/\" \/>\n<meta property=\"og:site_name\" content=\"kontron\" \/>\n<meta property=\"article:modified_time\" content=\"2024-09-30T14:38:00+00:00\" \/>\n<meta property=\"og:image\" content=\"https:\/\/kontron-slovenia.com\/wp-content\/uploads\/2023\/06\/Kontron-OG-image-1.png\" \/>\n\t<meta property=\"og:image:width\" content=\"1200\" \/>\n\t<meta property=\"og:image:height\" content=\"630\" \/>\n\t<meta property=\"og:image:type\" content=\"image\/png\" \/>\n<meta name=\"twitter:card\" content=\"summary_large_image\" \/>\n<script type=\"application\/ld+json\" class=\"yoast-schema-graph\">{\"@context\":\"https:\/\/schema.org\",\"@graph\":[{\"@type\":\"WebPage\",\"@id\":\"https:\/\/kontron-slovenia.com\/de\/\",\"url\":\"https:\/\/kontron-slovenia.com\/de\/\",\"name\":\"Intelligente IKT-L\u00f6sungen | Kontron\",\"isPartOf\":{\"@id\":\"https:\/\/kontron-slovenia.com\/de\/#website\"},\"primaryImageOfPage\":{\"@id\":\"https:\/\/kontron-slovenia.com\/de\/#primaryimage\"},\"image\":{\"@id\":\"https:\/\/kontron-slovenia.com\/de\/#primaryimage\"},\"thumbnailUrl\":\"https:\/\/kontron-slovenia.com\/wp-content\/uploads\/2023\/06\/Kontron-OG-image-1.png\",\"datePublished\":\"2023-04-11T15:37:17+00:00\",\"dateModified\":\"2024-09-30T14:38:00+00:00\",\"description\":\"Kontron Slovenia entwickelt mit viel Erfahrung und einmaliger Expertise umfassende IKT-L\u00f6sungen f\u00fcr die Digitalisierung zahlreicher Branchen: intelligente, sichere und zuverl\u00e4ssige L\u00f6sungen f\u00fcr eine bessere, vernetzte Welt.\",\"breadcrumb\":{\"@id\":\"https:\/\/kontron-slovenia.com\/de\/#breadcrumb\"},\"inLanguage\":\"de\",\"potentialAction\":[{\"@type\":\"ReadAction\",\"target\":[\"https:\/\/kontron-slovenia.com\/de\/\"]}]},{\"@type\":\"ImageObject\",\"inLanguage\":\"de\",\"@id\":\"https:\/\/kontron-slovenia.com\/de\/#primaryimage\",\"url\":\"https:\/\/kontron-slovenia.com\/wp-content\/uploads\/2023\/06\/Kontron-OG-image-1.png\",\"contentUrl\":\"https:\/\/kontron-slovenia.com\/wp-content\/uploads\/2023\/06\/Kontron-OG-image-1.png\",\"width\":1200,\"height\":630,\"caption\":\"Kontron OG image 1\"},{\"@type\":\"BreadcrumbList\",\"@id\":\"https:\/\/kontron-slovenia.com\/de\/#breadcrumb\",\"itemListElement\":[{\"@type\":\"ListItem\",\"position\":1,\"name\":\"Kontron\",\"item\":\"https:\/\/kontron-slovenia.com\/de\/\"},{\"@type\":\"ListItem\",\"position\":2,\"name\":\"Home\"}]},{\"@type\":\"WebSite\",\"@id\":\"https:\/\/kontron-slovenia.com\/de\/#website\",\"url\":\"https:\/\/kontron-slovenia.com\/de\/\",\"name\":\"Kontron\",\"description\":\"\",\"publisher\":{\"@id\":\"https:\/\/kontron-slovenia.com\/de\/#organization\"},\"potentialAction\":[{\"@type\":\"SearchAction\",\"target\":{\"@type\":\"EntryPoint\",\"urlTemplate\":\"https:\/\/kontron-slovenia.com\/de\/?s={search_term_string}\"},\"query-input\":{\"@type\":\"PropertyValueSpecification\",\"valueRequired\":true,\"valueName\":\"search_term_string\"}}],\"inLanguage\":\"de\"},{\"@type\":\"Organization\",\"@id\":\"https:\/\/kontron-slovenia.com\/de\/#organization\",\"name\":\"Kontron\",\"url\":\"https:\/\/kontron-slovenia.com\/de\/\",\"logo\":{\"@type\":\"ImageObject\",\"inLanguage\":\"de\",\"@id\":\"https:\/\/kontron-slovenia.com\/de\/#\/schema\/logo\/image\/\",\"url\":\"https:\/\/kontron-slovenia.com\/wp-content\/uploads\/2023\/06\/kontron-logo.png\",\"contentUrl\":\"https:\/\/kontron-slovenia.com\/wp-content\/uploads\/2023\/06\/kontron-logo.png\",\"width\":384,\"height\":72,\"caption\":\"Kontron\"},\"image\":{\"@id\":\"https:\/\/kontron-slovenia.com\/de\/#\/schema\/logo\/image\/\"}}]}<\/script>\n<!-- \/ Yoast SEO plugin. -->","yoast_head_json":{"title":"Intelligente IKT-L\u00f6sungen | Kontron","description":"Kontron Slovenia entwickelt mit viel Erfahrung und einmaliger Expertise umfassende IKT-L\u00f6sungen f\u00fcr die Digitalisierung zahlreicher Branchen: intelligente, sichere und zuverl\u00e4ssige L\u00f6sungen f\u00fcr eine bessere, vernetzte Welt.","robots":{"index":"index","follow":"follow","max-snippet":"max-snippet:-1","max-image-preview":"max-image-preview:large","max-video-preview":"max-video-preview:-1"},"canonical":"https:\/\/kontron-slovenia.com\/de\/","og_locale":"de_DE","og_type":"article","og_title":"Intelligente IKT-L\u00f6sungen | Kontron","og_description":"Kontron Slovenia entwickelt mit viel Erfahrung und einmaliger Expertise umfassende IKT-L\u00f6sungen f\u00fcr die Digitalisierung zahlreicher Branchen: intelligente, sichere und zuverl\u00e4ssige L\u00f6sungen f\u00fcr eine bessere, vernetzte Welt.","og_url":"https:\/\/kontron-slovenia.com\/de\/","og_site_name":"kontron","article_modified_time":"2024-09-30T14:38:00+00:00","og_image":[{"width":1200,"height":630,"url":"https:\/\/kontron-slovenia.com\/wp-content\/uploads\/2023\/06\/Kontron-OG-image-1.png","type":"image\/png"}],"twitter_card":"summary_large_image","schema":{"@context":"https:\/\/schema.org","@graph":[{"@type":"WebPage","@id":"https:\/\/kontron-slovenia.com\/de\/","url":"https:\/\/kontron-slovenia.com\/de\/","name":"Intelligente IKT-L\u00f6sungen | Kontron","isPartOf":{"@id":"https:\/\/kontron-slovenia.com\/de\/#website"},"primaryImageOfPage":{"@id":"https:\/\/kontron-slovenia.com\/de\/#primaryimage"},"image":{"@id":"https:\/\/kontron-slovenia.com\/de\/#primaryimage"},"thumbnailUrl":"https:\/\/kontron-slovenia.com\/wp-content\/uploads\/2023\/06\/Kontron-OG-image-1.png","datePublished":"2023-04-11T15:37:17+00:00","dateModified":"2024-09-30T14:38:00+00:00","description":"Kontron Slovenia entwickelt mit viel Erfahrung und einmaliger Expertise umfassende IKT-L\u00f6sungen f\u00fcr die Digitalisierung zahlreicher Branchen: intelligente, sichere und zuverl\u00e4ssige L\u00f6sungen f\u00fcr eine bessere, vernetzte Welt.","breadcrumb":{"@id":"https:\/\/kontron-slovenia.com\/de\/#breadcrumb"},"inLanguage":"de","potentialAction":[{"@type":"ReadAction","target":["https:\/\/kontron-slovenia.com\/de\/"]}]},{"@type":"ImageObject","inLanguage":"de","@id":"https:\/\/kontron-slovenia.com\/de\/#primaryimage","url":"https:\/\/kontron-slovenia.com\/wp-content\/uploads\/2023\/06\/Kontron-OG-image-1.png","contentUrl":"https:\/\/kontron-slovenia.com\/wp-content\/uploads\/2023\/06\/Kontron-OG-image-1.png","width":1200,"height":630,"caption":"Kontron OG image 1"},{"@type":"BreadcrumbList","@id":"https:\/\/kontron-slovenia.com\/de\/#breadcrumb","itemListElement":[{"@type":"ListItem","position":1,"name":"Kontron","item":"https:\/\/kontron-slovenia.com\/de\/"},{"@type":"ListItem","position":2,"name":"Home"}]},{"@type":"WebSite","@id":"https:\/\/kontron-slovenia.com\/de\/#website","url":"https:\/\/kontron-slovenia.com\/de\/","name":"Kontron","description":"","publisher":{"@id":"https:\/\/kontron-slovenia.com\/de\/#organization"},"potentialAction":[{"@type":"SearchAction","target":{"@type":"EntryPoint","urlTemplate":"https:\/\/kontron-slovenia.com\/de\/?s={search_term_string}"},"query-input":{"@type":"PropertyValueSpecification","valueRequired":true,"valueName":"search_term_string"}}],"inLanguage":"de"},{"@type":"Organization","@id":"https:\/\/kontron-slovenia.com\/de\/#organization","name":"Kontron","url":"https:\/\/kontron-slovenia.com\/de\/","logo":{"@type":"ImageObject","inLanguage":"de","@id":"https:\/\/kontron-slovenia.com\/de\/#\/schema\/logo\/image\/","url":"https:\/\/kontron-slovenia.com\/wp-content\/uploads\/2023\/06\/kontron-logo.png","contentUrl":"https:\/\/kontron-slovenia.com\/wp-content\/uploads\/2023\/06\/kontron-logo.png","width":384,"height":72,"caption":"Kontron"},"image":{"@id":"https:\/\/kontron-slovenia.com\/de\/#\/schema\/logo\/image\/"}}]}},"_links":{"self":[{"href":"https:\/\/kontron-slovenia.com\/de\/wp-json\/wp\/v2\/pages\/15962","targetHints":{"allow":["GET"]}}],"collection":[{"href":"https:\/\/kontron-slovenia.com\/de\/wp-json\/wp\/v2\/pages"}],"about":[{"href":"https:\/\/kontron-slovenia.com\/de\/wp-json\/wp\/v2\/types\/page"}],"author":[{"embeddable":true,"href":"https:\/\/kontron-slovenia.com\/de\/wp-json\/wp\/v2\/users\/1"}],"replies":[{"embeddable":true,"href":"https:\/\/kontron-slovenia.com\/de\/wp-json\/wp\/v2\/comments?post=15962"}],"version-history":[{"count":14,"href":"https:\/\/kontron-slovenia.com\/de\/wp-json\/wp\/v2\/pages\/15962\/revisions"}],"predecessor-version":[{"id":23511,"href":"https:\/\/kontron-slovenia.com\/de\/wp-json\/wp\/v2\/pages\/15962\/revisions\/23511"}],"wp:featuredmedia":[{"embeddable":true,"href":"https:\/\/kontron-slovenia.com\/de\/wp-json\/wp\/v2\/media\/13760"}],"wp:attachment":[{"href":"https:\/\/kontron-slovenia.com\/de\/wp-json\/wp\/v2\/media?parent=15962"}],"curies":[{"name":"wp","href":"https:\/\/api.w.org\/{rel}","templated":true}]}}