{"id":15974,"date":"2023-04-19T09:47:51","date_gmt":"2023-04-19T08:47:51","guid":{"rendered":"https:\/\/kontron-slovenia.com\/about-us\/"},"modified":"2025-12-17T11:19:32","modified_gmt":"2025-12-17T10:19:32","slug":"ueber-kontron-slovenia","status":"publish","type":"page","link":"https:\/\/kontron-slovenia.com\/de\/ueber-kontron-slovenia\/","title":{"rendered":"\u00dcber Kontron Slovenia"},"content":{"rendered":"","protected":false},"excerpt":{"rendered":"","protected":false},"author":1,"featured_media":12400,"parent":0,"menu_order":11,"comment_status":"closed","ping_status":"closed","template":"","meta":{"_acf_changed":false,"footnotes":""},"class_list":["post-15974","page","type-page","status-publish","has-post-thumbnail","hentry"],"acf":[],"yoast_head":"<!-- This site is optimized with the Yoast SEO plugin v26.6 - https:\/\/yoast.com\/wordpress\/plugins\/seo\/ -->\n<title>\u00dcber Kontron Slovenia - kontron<\/title>\n<meta name=\"description\" content=\"Kontron, d. o. o., ein Unternehmen der Kontron AG, z\u00e4hlt zu den f\u00fchrenden europ\u00e4ischen Anbietern umfassender und \u00e4u\u00dferst zuverl\u00e4ssiger L\u00f6sungen f\u00fcr eine sichere, intelligente und digitalisierte Zukunft.\" \/>\n<meta name=\"robots\" content=\"index, follow, max-snippet:-1, max-image-preview:large, max-video-preview:-1\" \/>\n<link rel=\"canonical\" href=\"https:\/\/kontron-slovenia.com\/de\/ueber-kontron-slovenia\/\" \/>\n<meta property=\"og:locale\" content=\"de_DE\" \/>\n<meta property=\"og:type\" content=\"article\" \/>\n<meta property=\"og:title\" content=\"\u00dcber Kontron Slovenia - kontron\" \/>\n<meta property=\"og:description\" content=\"Kontron, d. o. o., ein Unternehmen der Kontron AG, z\u00e4hlt zu den f\u00fchrenden europ\u00e4ischen Anbietern umfassender und \u00e4u\u00dferst zuverl\u00e4ssiger L\u00f6sungen f\u00fcr eine sichere, intelligente und digitalisierte Zukunft.\" \/>\n<meta property=\"og:url\" content=\"https:\/\/kontron-slovenia.com\/de\/ueber-kontron-slovenia\/\" \/>\n<meta property=\"og:site_name\" content=\"kontron\" \/>\n<meta property=\"article:modified_time\" content=\"2025-12-17T10:19:32+00:00\" \/>\n<meta property=\"og:image\" content=\"https:\/\/kontron-slovenia.com\/wp-content\/uploads\/2022\/09\/foto-snt-iskratel.jpeg\" \/>\n\t<meta property=\"og:image:width\" content=\"1074\" \/>\n\t<meta property=\"og:image:height\" content=\"626\" \/>\n\t<meta property=\"og:image:type\" content=\"image\/jpeg\" \/>\n<meta name=\"twitter:card\" content=\"summary_large_image\" \/>\n<script type=\"application\/ld+json\" class=\"yoast-schema-graph\">{\"@context\":\"https:\/\/schema.org\",\"@graph\":[{\"@type\":\"WebPage\",\"@id\":\"https:\/\/kontron-slovenia.com\/de\/ueber-kontron-slovenia\/\",\"url\":\"https:\/\/kontron-slovenia.com\/de\/ueber-kontron-slovenia\/\",\"name\":\"\u00dcber Kontron Slovenia - kontron\",\"isPartOf\":{\"@id\":\"https:\/\/kontron-slovenia.com\/de\/#website\"},\"primaryImageOfPage\":{\"@id\":\"https:\/\/kontron-slovenia.com\/de\/ueber-kontron-slovenia\/#primaryimage\"},\"image\":{\"@id\":\"https:\/\/kontron-slovenia.com\/de\/ueber-kontron-slovenia\/#primaryimage\"},\"thumbnailUrl\":\"https:\/\/kontron-slovenia.com\/wp-content\/uploads\/2022\/09\/foto-snt-iskratel.jpeg\",\"datePublished\":\"2023-04-19T08:47:51+00:00\",\"dateModified\":\"2025-12-17T10:19:32+00:00\",\"description\":\"Kontron, d. o. o., ein Unternehmen der Kontron AG, z\u00e4hlt zu den f\u00fchrenden europ\u00e4ischen Anbietern umfassender und \u00e4u\u00dferst zuverl\u00e4ssiger L\u00f6sungen f\u00fcr eine sichere, intelligente und digitalisierte Zukunft.\",\"breadcrumb\":{\"@id\":\"https:\/\/kontron-slovenia.com\/de\/ueber-kontron-slovenia\/#breadcrumb\"},\"inLanguage\":\"de\",\"potentialAction\":[{\"@type\":\"ReadAction\",\"target\":[\"https:\/\/kontron-slovenia.com\/de\/ueber-kontron-slovenia\/\"]}]},{\"@type\":\"ImageObject\",\"inLanguage\":\"de\",\"@id\":\"https:\/\/kontron-slovenia.com\/de\/ueber-kontron-slovenia\/#primaryimage\",\"url\":\"https:\/\/kontron-slovenia.com\/wp-content\/uploads\/2022\/09\/foto-snt-iskratel.jpeg\",\"contentUrl\":\"https:\/\/kontron-slovenia.com\/wp-content\/uploads\/2022\/09\/foto-snt-iskratel.jpeg\",\"width\":1074,\"height\":626},{\"@type\":\"BreadcrumbList\",\"@id\":\"https:\/\/kontron-slovenia.com\/de\/ueber-kontron-slovenia\/#breadcrumb\",\"itemListElement\":[{\"@type\":\"ListItem\",\"position\":1,\"name\":\"Kontron\",\"item\":\"https:\/\/kontron-slovenia.com\/de\/\"},{\"@type\":\"ListItem\",\"position\":2,\"name\":\"\u00dcber Kontron Slovenia\"}]},{\"@type\":\"WebSite\",\"@id\":\"https:\/\/kontron-slovenia.com\/de\/#website\",\"url\":\"https:\/\/kontron-slovenia.com\/de\/\",\"name\":\"Kontron\",\"description\":\"\",\"publisher\":{\"@id\":\"https:\/\/kontron-slovenia.com\/de\/#organization\"},\"potentialAction\":[{\"@type\":\"SearchAction\",\"target\":{\"@type\":\"EntryPoint\",\"urlTemplate\":\"https:\/\/kontron-slovenia.com\/de\/?s={search_term_string}\"},\"query-input\":{\"@type\":\"PropertyValueSpecification\",\"valueRequired\":true,\"valueName\":\"search_term_string\"}}],\"inLanguage\":\"de\"},{\"@type\":\"Organization\",\"@id\":\"https:\/\/kontron-slovenia.com\/de\/#organization\",\"name\":\"Kontron\",\"url\":\"https:\/\/kontron-slovenia.com\/de\/\",\"logo\":{\"@type\":\"ImageObject\",\"inLanguage\":\"de\",\"@id\":\"https:\/\/kontron-slovenia.com\/de\/#\/schema\/logo\/image\/\",\"url\":\"https:\/\/kontron-slovenia.com\/wp-content\/uploads\/2023\/06\/kontron-logo.png\",\"contentUrl\":\"https:\/\/kontron-slovenia.com\/wp-content\/uploads\/2023\/06\/kontron-logo.png\",\"width\":384,\"height\":72,\"caption\":\"Kontron\"},\"image\":{\"@id\":\"https:\/\/kontron-slovenia.com\/de\/#\/schema\/logo\/image\/\"}}]}<\/script>\n<!-- \/ Yoast SEO plugin. -->","yoast_head_json":{"title":"\u00dcber Kontron Slovenia - kontron","description":"Kontron, d. o. o., ein Unternehmen der Kontron AG, z\u00e4hlt zu den f\u00fchrenden europ\u00e4ischen Anbietern umfassender und \u00e4u\u00dferst zuverl\u00e4ssiger L\u00f6sungen f\u00fcr eine sichere, intelligente und digitalisierte Zukunft.","robots":{"index":"index","follow":"follow","max-snippet":"max-snippet:-1","max-image-preview":"max-image-preview:large","max-video-preview":"max-video-preview:-1"},"canonical":"https:\/\/kontron-slovenia.com\/de\/ueber-kontron-slovenia\/","og_locale":"de_DE","og_type":"article","og_title":"\u00dcber Kontron Slovenia - kontron","og_description":"Kontron, d. o. o., ein Unternehmen der Kontron AG, z\u00e4hlt zu den f\u00fchrenden europ\u00e4ischen Anbietern umfassender und \u00e4u\u00dferst zuverl\u00e4ssiger L\u00f6sungen f\u00fcr eine sichere, intelligente und digitalisierte Zukunft.","og_url":"https:\/\/kontron-slovenia.com\/de\/ueber-kontron-slovenia\/","og_site_name":"kontron","article_modified_time":"2025-12-17T10:19:32+00:00","og_image":[{"width":1074,"height":626,"url":"https:\/\/kontron-slovenia.com\/wp-content\/uploads\/2022\/09\/foto-snt-iskratel.jpeg","type":"image\/jpeg"}],"twitter_card":"summary_large_image","schema":{"@context":"https:\/\/schema.org","@graph":[{"@type":"WebPage","@id":"https:\/\/kontron-slovenia.com\/de\/ueber-kontron-slovenia\/","url":"https:\/\/kontron-slovenia.com\/de\/ueber-kontron-slovenia\/","name":"\u00dcber Kontron Slovenia - kontron","isPartOf":{"@id":"https:\/\/kontron-slovenia.com\/de\/#website"},"primaryImageOfPage":{"@id":"https:\/\/kontron-slovenia.com\/de\/ueber-kontron-slovenia\/#primaryimage"},"image":{"@id":"https:\/\/kontron-slovenia.com\/de\/ueber-kontron-slovenia\/#primaryimage"},"thumbnailUrl":"https:\/\/kontron-slovenia.com\/wp-content\/uploads\/2022\/09\/foto-snt-iskratel.jpeg","datePublished":"2023-04-19T08:47:51+00:00","dateModified":"2025-12-17T10:19:32+00:00","description":"Kontron, d. o. o., ein Unternehmen der Kontron AG, z\u00e4hlt zu den f\u00fchrenden europ\u00e4ischen Anbietern umfassender und \u00e4u\u00dferst zuverl\u00e4ssiger L\u00f6sungen f\u00fcr eine sichere, intelligente und digitalisierte Zukunft.","breadcrumb":{"@id":"https:\/\/kontron-slovenia.com\/de\/ueber-kontron-slovenia\/#breadcrumb"},"inLanguage":"de","potentialAction":[{"@type":"ReadAction","target":["https:\/\/kontron-slovenia.com\/de\/ueber-kontron-slovenia\/"]}]},{"@type":"ImageObject","inLanguage":"de","@id":"https:\/\/kontron-slovenia.com\/de\/ueber-kontron-slovenia\/#primaryimage","url":"https:\/\/kontron-slovenia.com\/wp-content\/uploads\/2022\/09\/foto-snt-iskratel.jpeg","contentUrl":"https:\/\/kontron-slovenia.com\/wp-content\/uploads\/2022\/09\/foto-snt-iskratel.jpeg","width":1074,"height":626},{"@type":"BreadcrumbList","@id":"https:\/\/kontron-slovenia.com\/de\/ueber-kontron-slovenia\/#breadcrumb","itemListElement":[{"@type":"ListItem","position":1,"name":"Kontron","item":"https:\/\/kontron-slovenia.com\/de\/"},{"@type":"ListItem","position":2,"name":"\u00dcber Kontron Slovenia"}]},{"@type":"WebSite","@id":"https:\/\/kontron-slovenia.com\/de\/#website","url":"https:\/\/kontron-slovenia.com\/de\/","name":"Kontron","description":"","publisher":{"@id":"https:\/\/kontron-slovenia.com\/de\/#organization"},"potentialAction":[{"@type":"SearchAction","target":{"@type":"EntryPoint","urlTemplate":"https:\/\/kontron-slovenia.com\/de\/?s={search_term_string}"},"query-input":{"@type":"PropertyValueSpecification","valueRequired":true,"valueName":"search_term_string"}}],"inLanguage":"de"},{"@type":"Organization","@id":"https:\/\/kontron-slovenia.com\/de\/#organization","name":"Kontron","url":"https:\/\/kontron-slovenia.com\/de\/","logo":{"@type":"ImageObject","inLanguage":"de","@id":"https:\/\/kontron-slovenia.com\/de\/#\/schema\/logo\/image\/","url":"https:\/\/kontron-slovenia.com\/wp-content\/uploads\/2023\/06\/kontron-logo.png","contentUrl":"https:\/\/kontron-slovenia.com\/wp-content\/uploads\/2023\/06\/kontron-logo.png","width":384,"height":72,"caption":"Kontron"},"image":{"@id":"https:\/\/kontron-slovenia.com\/de\/#\/schema\/logo\/image\/"}}]}},"_links":{"self":[{"href":"https:\/\/kontron-slovenia.com\/de\/wp-json\/wp\/v2\/pages\/15974","targetHints":{"allow":["GET"]}}],"collection":[{"href":"https:\/\/kontron-slovenia.com\/de\/wp-json\/wp\/v2\/pages"}],"about":[{"href":"https:\/\/kontron-slovenia.com\/de\/wp-json\/wp\/v2\/types\/page"}],"author":[{"embeddable":true,"href":"https:\/\/kontron-slovenia.com\/de\/wp-json\/wp\/v2\/users\/1"}],"replies":[{"embeddable":true,"href":"https:\/\/kontron-slovenia.com\/de\/wp-json\/wp\/v2\/comments?post=15974"}],"version-history":[{"count":23,"href":"https:\/\/kontron-slovenia.com\/de\/wp-json\/wp\/v2\/pages\/15974\/revisions"}],"predecessor-version":[{"id":28600,"href":"https:\/\/kontron-slovenia.com\/de\/wp-json\/wp\/v2\/pages\/15974\/revisions\/28600"}],"wp:featuredmedia":[{"embeddable":true,"href":"https:\/\/kontron-slovenia.com\/de\/wp-json\/wp\/v2\/media\/12400"}],"wp:attachment":[{"href":"https:\/\/kontron-slovenia.com\/de\/wp-json\/wp\/v2\/media?parent=15974"}],"curies":[{"name":"wp","href":"https:\/\/api.w.org\/{rel}","templated":true}]}}