{"id":14,"date":"2023-04-19T09:47:59","date_gmt":"2023-04-19T09:47:59","guid":{"rendered":"https:\/\/kontron-slovenia.com\/?page_id=14"},"modified":"2026-02-23T12:33:00","modified_gmt":"2026-02-23T11:33:00","slug":"zaposlitev","status":"publish","type":"page","link":"https:\/\/kontron-slovenia.com\/sl\/zaposlitev\/","title":{"rendered":"Zaposlitev"},"content":{"rendered":"","protected":false},"excerpt":{"rendered":"","protected":false},"author":1,"featured_media":0,"parent":0,"menu_order":10,"comment_status":"closed","ping_status":"closed","template":"template-zaposlitev.blade.php","meta":{"_acf_changed":false,"footnotes":""},"class_list":["post-14","page","type-page","status-publish","hentry"],"acf":[],"yoast_head":"<!-- This site is optimized with the Yoast SEO plugin v27.3 - https:\/\/yoast.com\/product\/yoast-seo-wordpress\/ -->\n<title>Zaposlitev - kontron<\/title>\n<meta name=\"description\" content=\"Dopolnite na\u0161o ekipo s svojim strokovnim znanjem. Prinesite svojo vizijo, kako oblikovati naprednej\u0161o, trajnostno in bolje povezano dru\u017ebo.\" \/>\n<meta name=\"robots\" content=\"index, follow, max-snippet:-1, max-image-preview:large, max-video-preview:-1\" \/>\n<link rel=\"canonical\" href=\"https:\/\/kontron-slovenia.com\/sl\/zaposlitev\/\" \/>\n<meta property=\"og:locale\" content=\"sl_SI\" \/>\n<meta property=\"og:type\" content=\"article\" \/>\n<meta property=\"og:title\" content=\"Zaposlitev - kontron\" \/>\n<meta property=\"og:description\" content=\"Dopolnite na\u0161o ekipo s svojim strokovnim znanjem. Prinesite svojo vizijo, kako oblikovati naprednej\u0161o, trajnostno in bolje povezano dru\u017ebo.\" \/>\n<meta property=\"og:url\" content=\"https:\/\/kontron-slovenia.com\/sl\/zaposlitev\/\" \/>\n<meta property=\"og:site_name\" content=\"kontron\" \/>\n<meta property=\"article:modified_time\" content=\"2026-02-23T11:33:00+00:00\" \/>\n<meta property=\"og:image\" content=\"https:\/\/kontron-slovenia.com\/wp-content\/uploads\/2023\/04\/poglobljeno-placeholder.jpg\" \/>\n\t<meta property=\"og:image:width\" content=\"1172\" \/>\n\t<meta property=\"og:image:height\" content=\"660\" \/>\n\t<meta property=\"og:image:type\" content=\"image\/jpeg\" \/>\n<meta name=\"twitter:card\" content=\"summary_large_image\" \/>\n<script type=\"application\/ld+json\" class=\"yoast-schema-graph\">{\"@context\":\"https:\\\/\\\/schema.org\",\"@graph\":[{\"@type\":\"WebPage\",\"@id\":\"https:\\\/\\\/kontron-slovenia.com\\\/sl\\\/zaposlitev\\\/\",\"url\":\"https:\\\/\\\/kontron-slovenia.com\\\/sl\\\/zaposlitev\\\/\",\"name\":\"Zaposlitev - kontron\",\"isPartOf\":{\"@id\":\"https:\\\/\\\/kontron-slovenia.com\\\/sl\\\/#website\"},\"datePublished\":\"2023-04-19T09:47:59+00:00\",\"dateModified\":\"2026-02-23T11:33:00+00:00\",\"description\":\"Dopolnite na\u0161o ekipo s svojim strokovnim znanjem. Prinesite svojo vizijo, kako oblikovati naprednej\u0161o, trajnostno in bolje povezano dru\u017ebo.\",\"breadcrumb\":{\"@id\":\"https:\\\/\\\/kontron-slovenia.com\\\/sl\\\/zaposlitev\\\/#breadcrumb\"},\"inLanguage\":\"sl-SI\",\"potentialAction\":[{\"@type\":\"ReadAction\",\"target\":[\"https:\\\/\\\/kontron-slovenia.com\\\/sl\\\/zaposlitev\\\/\"]}]},{\"@type\":\"BreadcrumbList\",\"@id\":\"https:\\\/\\\/kontron-slovenia.com\\\/sl\\\/zaposlitev\\\/#breadcrumb\",\"itemListElement\":[{\"@type\":\"ListItem\",\"position\":1,\"name\":\"Kontron\",\"item\":\"https:\\\/\\\/kontron-slovenia.com\\\/sl\\\/\"},{\"@type\":\"ListItem\",\"position\":2,\"name\":\"Zaposlitev\"}]},{\"@type\":\"WebSite\",\"@id\":\"https:\\\/\\\/kontron-slovenia.com\\\/sl\\\/#website\",\"url\":\"https:\\\/\\\/kontron-slovenia.com\\\/sl\\\/\",\"name\":\"Kontron\",\"description\":\"\",\"publisher\":{\"@id\":\"https:\\\/\\\/kontron-slovenia.com\\\/sl\\\/#organization\"},\"potentialAction\":[{\"@type\":\"SearchAction\",\"target\":{\"@type\":\"EntryPoint\",\"urlTemplate\":\"https:\\\/\\\/kontron-slovenia.com\\\/sl\\\/?s={search_term_string}\"},\"query-input\":{\"@type\":\"PropertyValueSpecification\",\"valueRequired\":true,\"valueName\":\"search_term_string\"}}],\"inLanguage\":\"sl-SI\"},{\"@type\":\"Organization\",\"@id\":\"https:\\\/\\\/kontron-slovenia.com\\\/sl\\\/#organization\",\"name\":\"Kontron\",\"url\":\"https:\\\/\\\/kontron-slovenia.com\\\/sl\\\/\",\"logo\":{\"@type\":\"ImageObject\",\"inLanguage\":\"sl-SI\",\"@id\":\"https:\\\/\\\/kontron-slovenia.com\\\/sl\\\/#\\\/schema\\\/logo\\\/image\\\/\",\"url\":\"https:\\\/\\\/kontron-slovenia.com\\\/wp-content\\\/uploads\\\/2023\\\/06\\\/kontron-logo.png\",\"contentUrl\":\"https:\\\/\\\/kontron-slovenia.com\\\/wp-content\\\/uploads\\\/2023\\\/06\\\/kontron-logo.png\",\"width\":384,\"height\":72,\"caption\":\"Kontron\"},\"image\":{\"@id\":\"https:\\\/\\\/kontron-slovenia.com\\\/sl\\\/#\\\/schema\\\/logo\\\/image\\\/\"}}]}<\/script>\n<!-- \/ Yoast SEO plugin. -->","yoast_head_json":{"title":"Zaposlitev - kontron","description":"Dopolnite na\u0161o ekipo s svojim strokovnim znanjem. Prinesite svojo vizijo, kako oblikovati naprednej\u0161o, trajnostno in bolje povezano dru\u017ebo.","robots":{"index":"index","follow":"follow","max-snippet":"max-snippet:-1","max-image-preview":"max-image-preview:large","max-video-preview":"max-video-preview:-1"},"canonical":"https:\/\/kontron-slovenia.com\/sl\/zaposlitev\/","og_locale":"sl_SI","og_type":"article","og_title":"Zaposlitev - kontron","og_description":"Dopolnite na\u0161o ekipo s svojim strokovnim znanjem. Prinesite svojo vizijo, kako oblikovati naprednej\u0161o, trajnostno in bolje povezano dru\u017ebo.","og_url":"https:\/\/kontron-slovenia.com\/sl\/zaposlitev\/","og_site_name":"kontron","article_modified_time":"2026-02-23T11:33:00+00:00","og_image":[{"width":1172,"height":660,"url":"https:\/\/kontron-slovenia.com\/wp-content\/uploads\/2023\/04\/poglobljeno-placeholder.jpg","type":"image\/jpeg"}],"twitter_card":"summary_large_image","schema":{"@context":"https:\/\/schema.org","@graph":[{"@type":"WebPage","@id":"https:\/\/kontron-slovenia.com\/sl\/zaposlitev\/","url":"https:\/\/kontron-slovenia.com\/sl\/zaposlitev\/","name":"Zaposlitev - kontron","isPartOf":{"@id":"https:\/\/kontron-slovenia.com\/sl\/#website"},"datePublished":"2023-04-19T09:47:59+00:00","dateModified":"2026-02-23T11:33:00+00:00","description":"Dopolnite na\u0161o ekipo s svojim strokovnim znanjem. Prinesite svojo vizijo, kako oblikovati naprednej\u0161o, trajnostno in bolje povezano dru\u017ebo.","breadcrumb":{"@id":"https:\/\/kontron-slovenia.com\/sl\/zaposlitev\/#breadcrumb"},"inLanguage":"sl-SI","potentialAction":[{"@type":"ReadAction","target":["https:\/\/kontron-slovenia.com\/sl\/zaposlitev\/"]}]},{"@type":"BreadcrumbList","@id":"https:\/\/kontron-slovenia.com\/sl\/zaposlitev\/#breadcrumb","itemListElement":[{"@type":"ListItem","position":1,"name":"Kontron","item":"https:\/\/kontron-slovenia.com\/sl\/"},{"@type":"ListItem","position":2,"name":"Zaposlitev"}]},{"@type":"WebSite","@id":"https:\/\/kontron-slovenia.com\/sl\/#website","url":"https:\/\/kontron-slovenia.com\/sl\/","name":"Kontron","description":"","publisher":{"@id":"https:\/\/kontron-slovenia.com\/sl\/#organization"},"potentialAction":[{"@type":"SearchAction","target":{"@type":"EntryPoint","urlTemplate":"https:\/\/kontron-slovenia.com\/sl\/?s={search_term_string}"},"query-input":{"@type":"PropertyValueSpecification","valueRequired":true,"valueName":"search_term_string"}}],"inLanguage":"sl-SI"},{"@type":"Organization","@id":"https:\/\/kontron-slovenia.com\/sl\/#organization","name":"Kontron","url":"https:\/\/kontron-slovenia.com\/sl\/","logo":{"@type":"ImageObject","inLanguage":"sl-SI","@id":"https:\/\/kontron-slovenia.com\/sl\/#\/schema\/logo\/image\/","url":"https:\/\/kontron-slovenia.com\/wp-content\/uploads\/2023\/06\/kontron-logo.png","contentUrl":"https:\/\/kontron-slovenia.com\/wp-content\/uploads\/2023\/06\/kontron-logo.png","width":384,"height":72,"caption":"Kontron"},"image":{"@id":"https:\/\/kontron-slovenia.com\/sl\/#\/schema\/logo\/image\/"}}]}},"_links":{"self":[{"href":"https:\/\/kontron-slovenia.com\/sl\/wp-json\/wp\/v2\/pages\/14","targetHints":{"allow":["GET"]}}],"collection":[{"href":"https:\/\/kontron-slovenia.com\/sl\/wp-json\/wp\/v2\/pages"}],"about":[{"href":"https:\/\/kontron-slovenia.com\/sl\/wp-json\/wp\/v2\/types\/page"}],"author":[{"embeddable":true,"href":"https:\/\/kontron-slovenia.com\/sl\/wp-json\/wp\/v2\/users\/1"}],"replies":[{"embeddable":true,"href":"https:\/\/kontron-slovenia.com\/sl\/wp-json\/wp\/v2\/comments?post=14"}],"version-history":[{"count":24,"href":"https:\/\/kontron-slovenia.com\/sl\/wp-json\/wp\/v2\/pages\/14\/revisions"}],"predecessor-version":[{"id":29210,"href":"https:\/\/kontron-slovenia.com\/sl\/wp-json\/wp\/v2\/pages\/14\/revisions\/29210"}],"wp:attachment":[{"href":"https:\/\/kontron-slovenia.com\/sl\/wp-json\/wp\/v2\/media?parent=14"}],"curies":[{"name":"wp","href":"https:\/\/api.w.org\/{rel}","templated":true}]}}