{"id":25650,"date":"2025-03-26T08:29:57","date_gmt":"2025-03-26T07:29:57","guid":{"rendered":"https:\/\/kontron-slovenia.com\/?page_id=25650"},"modified":"2025-03-27T08:09:35","modified_gmt":"2025-03-27T07:09:35","slug":"prehod-na-model-nicelnega-zaupanja-zero-trust-2","status":"publish","type":"page","link":"https:\/\/kontron-slovenia.com\/sl\/prehod-na-model-nicelnega-zaupanja-zero-trust-2\/","title":{"rendered":"Prehod na model ni\u010delnega zaupanja (Zero Trust)"},"content":{"rendered":"","protected":false},"excerpt":{"rendered":"","protected":false},"author":7,"featured_media":0,"parent":0,"menu_order":0,"comment_status":"closed","ping_status":"closed","template":"","meta":{"_acf_changed":false,"footnotes":""},"class_list":["post-25650","page","type-page","status-publish","hentry"],"acf":[],"yoast_head":"<!-- This site is optimized with the Yoast SEO plugin v27.3 - https:\/\/yoast.com\/product\/yoast-seo-wordpress\/ -->\n<title>Prehod na model ni\u010delnega zaupanja (Zero Trust) - kontron<\/title>\n<meta name=\"description\" content=\"Zero Trust je varnostna arhitektura, ki omogo\u010da u\u010dinkovito obrambo pred notranjimi in zunanjimi gro\u017enjami.\" \/>\n<meta name=\"robots\" content=\"index, follow, max-snippet:-1, max-image-preview:large, max-video-preview:-1\" \/>\n<link rel=\"canonical\" href=\"https:\/\/kontron-slovenia.com\/sl\/prehod-na-model-nicelnega-zaupanja-zero-trust-2\/\" \/>\n<meta property=\"og:locale\" content=\"sl_SI\" \/>\n<meta property=\"og:type\" content=\"article\" \/>\n<meta property=\"og:title\" content=\"Prehod na model ni\u010delnega zaupanja (Zero Trust) - kontron\" \/>\n<meta property=\"og:description\" content=\"Zero Trust je varnostna arhitektura, ki omogo\u010da u\u010dinkovito obrambo pred notranjimi in zunanjimi gro\u017enjami.\" \/>\n<meta property=\"og:url\" content=\"https:\/\/kontron-slovenia.com\/sl\/prehod-na-model-nicelnega-zaupanja-zero-trust-2\/\" \/>\n<meta property=\"og:site_name\" content=\"kontron\" \/>\n<meta property=\"article:modified_time\" content=\"2025-03-27T07:09:35+00:00\" \/>\n<meta property=\"og:image\" content=\"https:\/\/kontron-slovenia.com\/wp-content\/uploads\/2023\/04\/poglobljeno-placeholder.jpg\" \/>\n\t<meta property=\"og:image:width\" content=\"1172\" \/>\n\t<meta property=\"og:image:height\" content=\"660\" \/>\n\t<meta property=\"og:image:type\" content=\"image\/jpeg\" \/>\n<meta name=\"twitter:card\" content=\"summary_large_image\" \/>\n<script type=\"application\/ld+json\" class=\"yoast-schema-graph\">{\"@context\":\"https:\\\/\\\/schema.org\",\"@graph\":[{\"@type\":\"WebPage\",\"@id\":\"https:\\\/\\\/kontron-slovenia.com\\\/sl\\\/prehod-na-model-nicelnega-zaupanja-zero-trust-2\\\/\",\"url\":\"https:\\\/\\\/kontron-slovenia.com\\\/sl\\\/prehod-na-model-nicelnega-zaupanja-zero-trust-2\\\/\",\"name\":\"Prehod na model ni\u010delnega zaupanja (Zero Trust) - kontron\",\"isPartOf\":{\"@id\":\"https:\\\/\\\/kontron-slovenia.com\\\/sl\\\/#website\"},\"datePublished\":\"2025-03-26T07:29:57+00:00\",\"dateModified\":\"2025-03-27T07:09:35+00:00\",\"description\":\"Zero Trust je varnostna arhitektura, ki omogo\u010da u\u010dinkovito obrambo pred notranjimi in zunanjimi gro\u017enjami.\",\"breadcrumb\":{\"@id\":\"https:\\\/\\\/kontron-slovenia.com\\\/sl\\\/prehod-na-model-nicelnega-zaupanja-zero-trust-2\\\/#breadcrumb\"},\"inLanguage\":\"sl-SI\",\"potentialAction\":[{\"@type\":\"ReadAction\",\"target\":[\"https:\\\/\\\/kontron-slovenia.com\\\/sl\\\/prehod-na-model-nicelnega-zaupanja-zero-trust-2\\\/\"]}]},{\"@type\":\"BreadcrumbList\",\"@id\":\"https:\\\/\\\/kontron-slovenia.com\\\/sl\\\/prehod-na-model-nicelnega-zaupanja-zero-trust-2\\\/#breadcrumb\",\"itemListElement\":[{\"@type\":\"ListItem\",\"position\":1,\"name\":\"Kontron\",\"item\":\"https:\\\/\\\/kontron-slovenia.com\\\/sl\\\/\"},{\"@type\":\"ListItem\",\"position\":2,\"name\":\"Prehod na model ni\u010delnega zaupanja (Zero Trust)\"}]},{\"@type\":\"WebSite\",\"@id\":\"https:\\\/\\\/kontron-slovenia.com\\\/sl\\\/#website\",\"url\":\"https:\\\/\\\/kontron-slovenia.com\\\/sl\\\/\",\"name\":\"Kontron\",\"description\":\"\",\"publisher\":{\"@id\":\"https:\\\/\\\/kontron-slovenia.com\\\/sl\\\/#organization\"},\"potentialAction\":[{\"@type\":\"SearchAction\",\"target\":{\"@type\":\"EntryPoint\",\"urlTemplate\":\"https:\\\/\\\/kontron-slovenia.com\\\/sl\\\/?s={search_term_string}\"},\"query-input\":{\"@type\":\"PropertyValueSpecification\",\"valueRequired\":true,\"valueName\":\"search_term_string\"}}],\"inLanguage\":\"sl-SI\"},{\"@type\":\"Organization\",\"@id\":\"https:\\\/\\\/kontron-slovenia.com\\\/sl\\\/#organization\",\"name\":\"Kontron\",\"url\":\"https:\\\/\\\/kontron-slovenia.com\\\/sl\\\/\",\"logo\":{\"@type\":\"ImageObject\",\"inLanguage\":\"sl-SI\",\"@id\":\"https:\\\/\\\/kontron-slovenia.com\\\/sl\\\/#\\\/schema\\\/logo\\\/image\\\/\",\"url\":\"https:\\\/\\\/kontron-slovenia.com\\\/wp-content\\\/uploads\\\/2023\\\/06\\\/kontron-logo.png\",\"contentUrl\":\"https:\\\/\\\/kontron-slovenia.com\\\/wp-content\\\/uploads\\\/2023\\\/06\\\/kontron-logo.png\",\"width\":384,\"height\":72,\"caption\":\"Kontron\"},\"image\":{\"@id\":\"https:\\\/\\\/kontron-slovenia.com\\\/sl\\\/#\\\/schema\\\/logo\\\/image\\\/\"}}]}<\/script>\n<!-- \/ Yoast SEO plugin. -->","yoast_head_json":{"title":"Prehod na model ni\u010delnega zaupanja (Zero Trust) - kontron","description":"Zero Trust je varnostna arhitektura, ki omogo\u010da u\u010dinkovito obrambo pred notranjimi in zunanjimi gro\u017enjami.","robots":{"index":"index","follow":"follow","max-snippet":"max-snippet:-1","max-image-preview":"max-image-preview:large","max-video-preview":"max-video-preview:-1"},"canonical":"https:\/\/kontron-slovenia.com\/sl\/prehod-na-model-nicelnega-zaupanja-zero-trust-2\/","og_locale":"sl_SI","og_type":"article","og_title":"Prehod na model ni\u010delnega zaupanja (Zero Trust) - kontron","og_description":"Zero Trust je varnostna arhitektura, ki omogo\u010da u\u010dinkovito obrambo pred notranjimi in zunanjimi gro\u017enjami.","og_url":"https:\/\/kontron-slovenia.com\/sl\/prehod-na-model-nicelnega-zaupanja-zero-trust-2\/","og_site_name":"kontron","article_modified_time":"2025-03-27T07:09:35+00:00","og_image":[{"width":1172,"height":660,"url":"https:\/\/kontron-slovenia.com\/wp-content\/uploads\/2023\/04\/poglobljeno-placeholder.jpg","type":"image\/jpeg"}],"twitter_card":"summary_large_image","schema":{"@context":"https:\/\/schema.org","@graph":[{"@type":"WebPage","@id":"https:\/\/kontron-slovenia.com\/sl\/prehod-na-model-nicelnega-zaupanja-zero-trust-2\/","url":"https:\/\/kontron-slovenia.com\/sl\/prehod-na-model-nicelnega-zaupanja-zero-trust-2\/","name":"Prehod na model ni\u010delnega zaupanja (Zero Trust) - kontron","isPartOf":{"@id":"https:\/\/kontron-slovenia.com\/sl\/#website"},"datePublished":"2025-03-26T07:29:57+00:00","dateModified":"2025-03-27T07:09:35+00:00","description":"Zero Trust je varnostna arhitektura, ki omogo\u010da u\u010dinkovito obrambo pred notranjimi in zunanjimi gro\u017enjami.","breadcrumb":{"@id":"https:\/\/kontron-slovenia.com\/sl\/prehod-na-model-nicelnega-zaupanja-zero-trust-2\/#breadcrumb"},"inLanguage":"sl-SI","potentialAction":[{"@type":"ReadAction","target":["https:\/\/kontron-slovenia.com\/sl\/prehod-na-model-nicelnega-zaupanja-zero-trust-2\/"]}]},{"@type":"BreadcrumbList","@id":"https:\/\/kontron-slovenia.com\/sl\/prehod-na-model-nicelnega-zaupanja-zero-trust-2\/#breadcrumb","itemListElement":[{"@type":"ListItem","position":1,"name":"Kontron","item":"https:\/\/kontron-slovenia.com\/sl\/"},{"@type":"ListItem","position":2,"name":"Prehod na model ni\u010delnega zaupanja (Zero Trust)"}]},{"@type":"WebSite","@id":"https:\/\/kontron-slovenia.com\/sl\/#website","url":"https:\/\/kontron-slovenia.com\/sl\/","name":"Kontron","description":"","publisher":{"@id":"https:\/\/kontron-slovenia.com\/sl\/#organization"},"potentialAction":[{"@type":"SearchAction","target":{"@type":"EntryPoint","urlTemplate":"https:\/\/kontron-slovenia.com\/sl\/?s={search_term_string}"},"query-input":{"@type":"PropertyValueSpecification","valueRequired":true,"valueName":"search_term_string"}}],"inLanguage":"sl-SI"},{"@type":"Organization","@id":"https:\/\/kontron-slovenia.com\/sl\/#organization","name":"Kontron","url":"https:\/\/kontron-slovenia.com\/sl\/","logo":{"@type":"ImageObject","inLanguage":"sl-SI","@id":"https:\/\/kontron-slovenia.com\/sl\/#\/schema\/logo\/image\/","url":"https:\/\/kontron-slovenia.com\/wp-content\/uploads\/2023\/06\/kontron-logo.png","contentUrl":"https:\/\/kontron-slovenia.com\/wp-content\/uploads\/2023\/06\/kontron-logo.png","width":384,"height":72,"caption":"Kontron"},"image":{"@id":"https:\/\/kontron-slovenia.com\/sl\/#\/schema\/logo\/image\/"}}]}},"_links":{"self":[{"href":"https:\/\/kontron-slovenia.com\/sl\/wp-json\/wp\/v2\/pages\/25650","targetHints":{"allow":["GET"]}}],"collection":[{"href":"https:\/\/kontron-slovenia.com\/sl\/wp-json\/wp\/v2\/pages"}],"about":[{"href":"https:\/\/kontron-slovenia.com\/sl\/wp-json\/wp\/v2\/types\/page"}],"author":[{"embeddable":true,"href":"https:\/\/kontron-slovenia.com\/sl\/wp-json\/wp\/v2\/users\/7"}],"replies":[{"embeddable":true,"href":"https:\/\/kontron-slovenia.com\/sl\/wp-json\/wp\/v2\/comments?post=25650"}],"version-history":[{"count":54,"href":"https:\/\/kontron-slovenia.com\/sl\/wp-json\/wp\/v2\/pages\/25650\/revisions"}],"predecessor-version":[{"id":25743,"href":"https:\/\/kontron-slovenia.com\/sl\/wp-json\/wp\/v2\/pages\/25650\/revisions\/25743"}],"wp:attachment":[{"href":"https:\/\/kontron-slovenia.com\/sl\/wp-json\/wp\/v2\/media?parent=25650"}],"curies":[{"name":"wp","href":"https:\/\/api.w.org\/{rel}","templated":true}]}}