{"id":26632,"date":"2025-06-18T14:25:37","date_gmt":"2025-06-18T13:25:37","guid":{"rendered":"https:\/\/kontron-slovenia.com\/?page_id=26632"},"modified":"2025-11-14T11:40:30","modified_gmt":"2025-11-14T10:40:30","slug":"rubrik-zascita-podatkov-na-visjem-nivoju","status":"publish","type":"page","link":"https:\/\/kontron-slovenia.com\/sl\/rubrik-zascita-podatkov-na-visjem-nivoju\/","title":{"rendered":"Rubrik &#8211; Za\u0161\u010dita podatkov na vi\u0161jem nivoju\u00a0\u00a0"},"content":{"rendered":"","protected":false},"excerpt":{"rendered":"","protected":false},"author":7,"featured_media":26823,"parent":0,"menu_order":0,"comment_status":"closed","ping_status":"closed","template":"","meta":{"_acf_changed":false,"footnotes":""},"class_list":["post-26632","page","type-page","status-publish","has-post-thumbnail","hentry"],"acf":[],"yoast_head":"<!-- This site is optimized with the Yoast SEO plugin v27.3 - https:\/\/yoast.com\/product\/yoast-seo-wordpress\/ -->\n<title>Rubrik - Za\u0161\u010dita podatkov na vi\u0161jem nivoju\u00a0\u00a0 - kontron<\/title>\n<meta name=\"description\" content=\"Rubrik je vodilna platforma za varnost podatkov, zasnovana za sodobne kibernetske izzive in kompleksna IT okolja.\" \/>\n<meta name=\"robots\" content=\"index, follow, max-snippet:-1, max-image-preview:large, max-video-preview:-1\" \/>\n<link rel=\"canonical\" href=\"https:\/\/kontron-slovenia.com\/sl\/rubrik-zascita-podatkov-na-visjem-nivoju\/\" \/>\n<meta property=\"og:locale\" content=\"sl_SI\" \/>\n<meta property=\"og:type\" content=\"article\" \/>\n<meta property=\"og:title\" content=\"Rubrik - Za\u0161\u010dita podatkov na vi\u0161jem nivoju\u00a0\u00a0 - kontron\" \/>\n<meta property=\"og:description\" content=\"Rubrik je vodilna platforma za varnost podatkov, zasnovana za sodobne kibernetske izzive in kompleksna IT okolja.\" \/>\n<meta property=\"og:url\" content=\"https:\/\/kontron-slovenia.com\/sl\/rubrik-zascita-podatkov-na-visjem-nivoju\/\" \/>\n<meta property=\"og:site_name\" content=\"kontron\" \/>\n<meta property=\"article:modified_time\" content=\"2025-11-14T10:40:30+00:00\" \/>\n<meta property=\"og:image\" content=\"https:\/\/kontron-slovenia.com\/wp-content\/uploads\/2025\/06\/Rubrik-s-prelivom.png\" \/>\n\t<meta property=\"og:image:width\" content=\"2000\" \/>\n\t<meta property=\"og:image:height\" content=\"706\" \/>\n\t<meta property=\"og:image:type\" content=\"image\/png\" \/>\n<meta name=\"twitter:card\" content=\"summary_large_image\" \/>\n<script type=\"application\/ld+json\" class=\"yoast-schema-graph\">{\"@context\":\"https:\\\/\\\/schema.org\",\"@graph\":[{\"@type\":\"WebPage\",\"@id\":\"https:\\\/\\\/kontron-slovenia.com\\\/sl\\\/rubrik-zascita-podatkov-na-visjem-nivoju\\\/\",\"url\":\"https:\\\/\\\/kontron-slovenia.com\\\/sl\\\/rubrik-zascita-podatkov-na-visjem-nivoju\\\/\",\"name\":\"Rubrik - Za\u0161\u010dita podatkov na vi\u0161jem nivoju\u00a0\u00a0 - kontron\",\"isPartOf\":{\"@id\":\"https:\\\/\\\/kontron-slovenia.com\\\/sl\\\/#website\"},\"primaryImageOfPage\":{\"@id\":\"https:\\\/\\\/kontron-slovenia.com\\\/sl\\\/rubrik-zascita-podatkov-na-visjem-nivoju\\\/#primaryimage\"},\"image\":{\"@id\":\"https:\\\/\\\/kontron-slovenia.com\\\/sl\\\/rubrik-zascita-podatkov-na-visjem-nivoju\\\/#primaryimage\"},\"thumbnailUrl\":\"https:\\\/\\\/kontron-slovenia.com\\\/wp-content\\\/uploads\\\/2025\\\/06\\\/Rubrik-s-prelivom.png\",\"datePublished\":\"2025-06-18T13:25:37+00:00\",\"dateModified\":\"2025-11-14T10:40:30+00:00\",\"description\":\"Rubrik je vodilna platforma za varnost podatkov, zasnovana za sodobne kibernetske izzive in kompleksna IT okolja.\",\"breadcrumb\":{\"@id\":\"https:\\\/\\\/kontron-slovenia.com\\\/sl\\\/rubrik-zascita-podatkov-na-visjem-nivoju\\\/#breadcrumb\"},\"inLanguage\":\"sl-SI\",\"potentialAction\":[{\"@type\":\"ReadAction\",\"target\":[\"https:\\\/\\\/kontron-slovenia.com\\\/sl\\\/rubrik-zascita-podatkov-na-visjem-nivoju\\\/\"]}]},{\"@type\":\"ImageObject\",\"inLanguage\":\"sl-SI\",\"@id\":\"https:\\\/\\\/kontron-slovenia.com\\\/sl\\\/rubrik-zascita-podatkov-na-visjem-nivoju\\\/#primaryimage\",\"url\":\"https:\\\/\\\/kontron-slovenia.com\\\/wp-content\\\/uploads\\\/2025\\\/06\\\/Rubrik-s-prelivom.png\",\"contentUrl\":\"https:\\\/\\\/kontron-slovenia.com\\\/wp-content\\\/uploads\\\/2025\\\/06\\\/Rubrik-s-prelivom.png\",\"width\":2000,\"height\":706,\"caption\":\"Rubrik\"},{\"@type\":\"BreadcrumbList\",\"@id\":\"https:\\\/\\\/kontron-slovenia.com\\\/sl\\\/rubrik-zascita-podatkov-na-visjem-nivoju\\\/#breadcrumb\",\"itemListElement\":[{\"@type\":\"ListItem\",\"position\":1,\"name\":\"Kontron\",\"item\":\"https:\\\/\\\/kontron-slovenia.com\\\/sl\\\/\"},{\"@type\":\"ListItem\",\"position\":2,\"name\":\"Rubrik &#8211; Za\u0161\u010dita podatkov na vi\u0161jem nivoju\u00a0\u00a0\"}]},{\"@type\":\"WebSite\",\"@id\":\"https:\\\/\\\/kontron-slovenia.com\\\/sl\\\/#website\",\"url\":\"https:\\\/\\\/kontron-slovenia.com\\\/sl\\\/\",\"name\":\"Kontron\",\"description\":\"\",\"publisher\":{\"@id\":\"https:\\\/\\\/kontron-slovenia.com\\\/sl\\\/#organization\"},\"potentialAction\":[{\"@type\":\"SearchAction\",\"target\":{\"@type\":\"EntryPoint\",\"urlTemplate\":\"https:\\\/\\\/kontron-slovenia.com\\\/sl\\\/?s={search_term_string}\"},\"query-input\":{\"@type\":\"PropertyValueSpecification\",\"valueRequired\":true,\"valueName\":\"search_term_string\"}}],\"inLanguage\":\"sl-SI\"},{\"@type\":\"Organization\",\"@id\":\"https:\\\/\\\/kontron-slovenia.com\\\/sl\\\/#organization\",\"name\":\"Kontron\",\"url\":\"https:\\\/\\\/kontron-slovenia.com\\\/sl\\\/\",\"logo\":{\"@type\":\"ImageObject\",\"inLanguage\":\"sl-SI\",\"@id\":\"https:\\\/\\\/kontron-slovenia.com\\\/sl\\\/#\\\/schema\\\/logo\\\/image\\\/\",\"url\":\"https:\\\/\\\/kontron-slovenia.com\\\/wp-content\\\/uploads\\\/2023\\\/06\\\/kontron-logo.png\",\"contentUrl\":\"https:\\\/\\\/kontron-slovenia.com\\\/wp-content\\\/uploads\\\/2023\\\/06\\\/kontron-logo.png\",\"width\":384,\"height\":72,\"caption\":\"Kontron\"},\"image\":{\"@id\":\"https:\\\/\\\/kontron-slovenia.com\\\/sl\\\/#\\\/schema\\\/logo\\\/image\\\/\"}}]}<\/script>\n<!-- \/ Yoast SEO plugin. -->","yoast_head_json":{"title":"Rubrik - Za\u0161\u010dita podatkov na vi\u0161jem nivoju\u00a0\u00a0 - kontron","description":"Rubrik je vodilna platforma za varnost podatkov, zasnovana za sodobne kibernetske izzive in kompleksna IT okolja.","robots":{"index":"index","follow":"follow","max-snippet":"max-snippet:-1","max-image-preview":"max-image-preview:large","max-video-preview":"max-video-preview:-1"},"canonical":"https:\/\/kontron-slovenia.com\/sl\/rubrik-zascita-podatkov-na-visjem-nivoju\/","og_locale":"sl_SI","og_type":"article","og_title":"Rubrik - Za\u0161\u010dita podatkov na vi\u0161jem nivoju\u00a0\u00a0 - kontron","og_description":"Rubrik je vodilna platforma za varnost podatkov, zasnovana za sodobne kibernetske izzive in kompleksna IT okolja.","og_url":"https:\/\/kontron-slovenia.com\/sl\/rubrik-zascita-podatkov-na-visjem-nivoju\/","og_site_name":"kontron","article_modified_time":"2025-11-14T10:40:30+00:00","og_image":[{"width":2000,"height":706,"url":"https:\/\/kontron-slovenia.com\/wp-content\/uploads\/2025\/06\/Rubrik-s-prelivom.png","type":"image\/png"}],"twitter_card":"summary_large_image","schema":{"@context":"https:\/\/schema.org","@graph":[{"@type":"WebPage","@id":"https:\/\/kontron-slovenia.com\/sl\/rubrik-zascita-podatkov-na-visjem-nivoju\/","url":"https:\/\/kontron-slovenia.com\/sl\/rubrik-zascita-podatkov-na-visjem-nivoju\/","name":"Rubrik - Za\u0161\u010dita podatkov na vi\u0161jem nivoju\u00a0\u00a0 - kontron","isPartOf":{"@id":"https:\/\/kontron-slovenia.com\/sl\/#website"},"primaryImageOfPage":{"@id":"https:\/\/kontron-slovenia.com\/sl\/rubrik-zascita-podatkov-na-visjem-nivoju\/#primaryimage"},"image":{"@id":"https:\/\/kontron-slovenia.com\/sl\/rubrik-zascita-podatkov-na-visjem-nivoju\/#primaryimage"},"thumbnailUrl":"https:\/\/kontron-slovenia.com\/wp-content\/uploads\/2025\/06\/Rubrik-s-prelivom.png","datePublished":"2025-06-18T13:25:37+00:00","dateModified":"2025-11-14T10:40:30+00:00","description":"Rubrik je vodilna platforma za varnost podatkov, zasnovana za sodobne kibernetske izzive in kompleksna IT okolja.","breadcrumb":{"@id":"https:\/\/kontron-slovenia.com\/sl\/rubrik-zascita-podatkov-na-visjem-nivoju\/#breadcrumb"},"inLanguage":"sl-SI","potentialAction":[{"@type":"ReadAction","target":["https:\/\/kontron-slovenia.com\/sl\/rubrik-zascita-podatkov-na-visjem-nivoju\/"]}]},{"@type":"ImageObject","inLanguage":"sl-SI","@id":"https:\/\/kontron-slovenia.com\/sl\/rubrik-zascita-podatkov-na-visjem-nivoju\/#primaryimage","url":"https:\/\/kontron-slovenia.com\/wp-content\/uploads\/2025\/06\/Rubrik-s-prelivom.png","contentUrl":"https:\/\/kontron-slovenia.com\/wp-content\/uploads\/2025\/06\/Rubrik-s-prelivom.png","width":2000,"height":706,"caption":"Rubrik"},{"@type":"BreadcrumbList","@id":"https:\/\/kontron-slovenia.com\/sl\/rubrik-zascita-podatkov-na-visjem-nivoju\/#breadcrumb","itemListElement":[{"@type":"ListItem","position":1,"name":"Kontron","item":"https:\/\/kontron-slovenia.com\/sl\/"},{"@type":"ListItem","position":2,"name":"Rubrik &#8211; Za\u0161\u010dita podatkov na vi\u0161jem nivoju\u00a0\u00a0"}]},{"@type":"WebSite","@id":"https:\/\/kontron-slovenia.com\/sl\/#website","url":"https:\/\/kontron-slovenia.com\/sl\/","name":"Kontron","description":"","publisher":{"@id":"https:\/\/kontron-slovenia.com\/sl\/#organization"},"potentialAction":[{"@type":"SearchAction","target":{"@type":"EntryPoint","urlTemplate":"https:\/\/kontron-slovenia.com\/sl\/?s={search_term_string}"},"query-input":{"@type":"PropertyValueSpecification","valueRequired":true,"valueName":"search_term_string"}}],"inLanguage":"sl-SI"},{"@type":"Organization","@id":"https:\/\/kontron-slovenia.com\/sl\/#organization","name":"Kontron","url":"https:\/\/kontron-slovenia.com\/sl\/","logo":{"@type":"ImageObject","inLanguage":"sl-SI","@id":"https:\/\/kontron-slovenia.com\/sl\/#\/schema\/logo\/image\/","url":"https:\/\/kontron-slovenia.com\/wp-content\/uploads\/2023\/06\/kontron-logo.png","contentUrl":"https:\/\/kontron-slovenia.com\/wp-content\/uploads\/2023\/06\/kontron-logo.png","width":384,"height":72,"caption":"Kontron"},"image":{"@id":"https:\/\/kontron-slovenia.com\/sl\/#\/schema\/logo\/image\/"}}]}},"_links":{"self":[{"href":"https:\/\/kontron-slovenia.com\/sl\/wp-json\/wp\/v2\/pages\/26632","targetHints":{"allow":["GET"]}}],"collection":[{"href":"https:\/\/kontron-slovenia.com\/sl\/wp-json\/wp\/v2\/pages"}],"about":[{"href":"https:\/\/kontron-slovenia.com\/sl\/wp-json\/wp\/v2\/types\/page"}],"author":[{"embeddable":true,"href":"https:\/\/kontron-slovenia.com\/sl\/wp-json\/wp\/v2\/users\/7"}],"replies":[{"embeddable":true,"href":"https:\/\/kontron-slovenia.com\/sl\/wp-json\/wp\/v2\/comments?post=26632"}],"version-history":[{"count":30,"href":"https:\/\/kontron-slovenia.com\/sl\/wp-json\/wp\/v2\/pages\/26632\/revisions"}],"predecessor-version":[{"id":28194,"href":"https:\/\/kontron-slovenia.com\/sl\/wp-json\/wp\/v2\/pages\/26632\/revisions\/28194"}],"wp:featuredmedia":[{"embeddable":true,"href":"https:\/\/kontron-slovenia.com\/sl\/wp-json\/wp\/v2\/media\/26823"}],"wp:attachment":[{"href":"https:\/\/kontron-slovenia.com\/sl\/wp-json\/wp\/v2\/media?parent=26632"}],"curies":[{"name":"wp","href":"https:\/\/api.w.org\/{rel}","templated":true}]}}