{"id":5541,"date":"2023-06-21T10:38:18","date_gmt":"2023-06-21T09:38:18","guid":{"rendered":"https:\/\/kontron-slovenia.com\/podatkovni-center-opremljen-za-to-kar-prihaja\/"},"modified":"2024-02-29T14:14:12","modified_gmt":"2024-02-29T13:14:12","slug":"podatkovni-center-opremljen-za-to-kar-prihaja","status":"publish","type":"page","link":"https:\/\/kontron-slovenia.com\/sl\/podatkovni-center-opremljen-za-to-kar-prihaja\/","title":{"rendered":"Podatkovni center \u2013 opremljen za to, kar prihaja"},"content":{"rendered":"","protected":false},"excerpt":{"rendered":"","protected":false},"author":4,"featured_media":6045,"parent":0,"menu_order":0,"comment_status":"closed","ping_status":"closed","template":"","meta":{"_acf_changed":false,"footnotes":""},"class_list":["post-5541","page","type-page","status-publish","has-post-thumbnail","hentry"],"acf":[],"yoast_head":"<!-- This site is optimized with the Yoast SEO plugin v26.6 - https:\/\/yoast.com\/wordpress\/plugins\/seo\/ -->\n<title>Podatkovni center \u2013 opremljen za to, kar prihaja - kontron<\/title>\n<meta name=\"description\" content=\"Hitro odziven, visoko razpolo\u017eljiv, preprosto raz\u0161irljiv podatkovni center, ki varno hrani va\u0161e podatke in jih hkrati strukturira, kar omogo\u010da u\u010dinkovito podporo va\u0161im poslovnim odlo\u010ditvam in nemotenem izvajanju poslovnih procesov.\" \/>\n<meta name=\"robots\" content=\"index, follow, max-snippet:-1, max-image-preview:large, max-video-preview:-1\" \/>\n<link rel=\"canonical\" href=\"https:\/\/kontron-slovenia.com\/sl\/podatkovni-center-opremljen-za-to-kar-prihaja\/\" \/>\n<meta property=\"og:locale\" content=\"sl_SI\" \/>\n<meta property=\"og:type\" content=\"article\" \/>\n<meta property=\"og:title\" content=\"Podatkovni center \u2013 opremljen za to, kar prihaja - kontron\" \/>\n<meta property=\"og:description\" content=\"Hitro odziven, visoko razpolo\u017eljiv, preprosto raz\u0161irljiv podatkovni center, ki varno hrani va\u0161e podatke in jih hkrati strukturira, kar omogo\u010da u\u010dinkovito podporo va\u0161im poslovnim odlo\u010ditvam in nemotenem izvajanju poslovnih procesov.\" \/>\n<meta property=\"og:url\" content=\"https:\/\/kontron-slovenia.com\/sl\/podatkovni-center-opremljen-za-to-kar-prihaja\/\" \/>\n<meta property=\"og:site_name\" content=\"kontron\" \/>\n<meta property=\"article:modified_time\" content=\"2024-02-29T13:14:12+00:00\" \/>\n<meta property=\"og:image\" content=\"https:\/\/kontron-slovenia.com\/wp-content\/uploads\/2023\/05\/nivo3_Opticne-sirokopasovne-resitve__cover-image.webp\" \/>\n\t<meta property=\"og:image:width\" content=\"700\" \/>\n\t<meta property=\"og:image:height\" content=\"412\" \/>\n\t<meta property=\"og:image:type\" content=\"image\/webp\" \/>\n<meta name=\"twitter:card\" content=\"summary_large_image\" \/>\n<script type=\"application\/ld+json\" class=\"yoast-schema-graph\">{\"@context\":\"https:\/\/schema.org\",\"@graph\":[{\"@type\":\"WebPage\",\"@id\":\"https:\/\/kontron-slovenia.com\/sl\/podatkovni-center-opremljen-za-to-kar-prihaja\/\",\"url\":\"https:\/\/kontron-slovenia.com\/sl\/podatkovni-center-opremljen-za-to-kar-prihaja\/\",\"name\":\"Podatkovni center \u2013 opremljen za to, kar prihaja - kontron\",\"isPartOf\":{\"@id\":\"https:\/\/kontron-slovenia.com\/sl\/#website\"},\"primaryImageOfPage\":{\"@id\":\"https:\/\/kontron-slovenia.com\/sl\/podatkovni-center-opremljen-za-to-kar-prihaja\/#primaryimage\"},\"image\":{\"@id\":\"https:\/\/kontron-slovenia.com\/sl\/podatkovni-center-opremljen-za-to-kar-prihaja\/#primaryimage\"},\"thumbnailUrl\":\"https:\/\/kontron-slovenia.com\/wp-content\/uploads\/2023\/05\/nivo3_Opticne-sirokopasovne-resitve__cover-image.webp\",\"datePublished\":\"2023-06-21T09:38:18+00:00\",\"dateModified\":\"2024-02-29T13:14:12+00:00\",\"description\":\"Hitro odziven, visoko razpolo\u017eljiv, preprosto raz\u0161irljiv podatkovni center, ki varno hrani va\u0161e podatke in jih hkrati strukturira, kar omogo\u010da u\u010dinkovito podporo va\u0161im poslovnim odlo\u010ditvam in nemotenem izvajanju poslovnih procesov.\",\"breadcrumb\":{\"@id\":\"https:\/\/kontron-slovenia.com\/sl\/podatkovni-center-opremljen-za-to-kar-prihaja\/#breadcrumb\"},\"inLanguage\":\"sl-SI\",\"potentialAction\":[{\"@type\":\"ReadAction\",\"target\":[\"https:\/\/kontron-slovenia.com\/sl\/podatkovni-center-opremljen-za-to-kar-prihaja\/\"]}]},{\"@type\":\"ImageObject\",\"inLanguage\":\"sl-SI\",\"@id\":\"https:\/\/kontron-slovenia.com\/sl\/podatkovni-center-opremljen-za-to-kar-prihaja\/#primaryimage\",\"url\":\"https:\/\/kontron-slovenia.com\/wp-content\/uploads\/2023\/05\/nivo3_Opticne-sirokopasovne-resitve__cover-image.webp\",\"contentUrl\":\"https:\/\/kontron-slovenia.com\/wp-content\/uploads\/2023\/05\/nivo3_Opticne-sirokopasovne-resitve__cover-image.webp\",\"width\":700,\"height\":412},{\"@type\":\"BreadcrumbList\",\"@id\":\"https:\/\/kontron-slovenia.com\/sl\/podatkovni-center-opremljen-za-to-kar-prihaja\/#breadcrumb\",\"itemListElement\":[{\"@type\":\"ListItem\",\"position\":1,\"name\":\"Kontron\",\"item\":\"https:\/\/kontron-slovenia.com\/sl\/\"},{\"@type\":\"ListItem\",\"position\":2,\"name\":\"Podatkovni center \u2013 opremljen za to, kar prihaja\"}]},{\"@type\":\"WebSite\",\"@id\":\"https:\/\/kontron-slovenia.com\/sl\/#website\",\"url\":\"https:\/\/kontron-slovenia.com\/sl\/\",\"name\":\"Kontron\",\"description\":\"\",\"publisher\":{\"@id\":\"https:\/\/kontron-slovenia.com\/sl\/#organization\"},\"potentialAction\":[{\"@type\":\"SearchAction\",\"target\":{\"@type\":\"EntryPoint\",\"urlTemplate\":\"https:\/\/kontron-slovenia.com\/sl\/?s={search_term_string}\"},\"query-input\":{\"@type\":\"PropertyValueSpecification\",\"valueRequired\":true,\"valueName\":\"search_term_string\"}}],\"inLanguage\":\"sl-SI\"},{\"@type\":\"Organization\",\"@id\":\"https:\/\/kontron-slovenia.com\/sl\/#organization\",\"name\":\"Kontron\",\"url\":\"https:\/\/kontron-slovenia.com\/sl\/\",\"logo\":{\"@type\":\"ImageObject\",\"inLanguage\":\"sl-SI\",\"@id\":\"https:\/\/kontron-slovenia.com\/sl\/#\/schema\/logo\/image\/\",\"url\":\"https:\/\/kontron-slovenia.com\/wp-content\/uploads\/2023\/06\/kontron-logo.png\",\"contentUrl\":\"https:\/\/kontron-slovenia.com\/wp-content\/uploads\/2023\/06\/kontron-logo.png\",\"width\":384,\"height\":72,\"caption\":\"Kontron\"},\"image\":{\"@id\":\"https:\/\/kontron-slovenia.com\/sl\/#\/schema\/logo\/image\/\"}}]}<\/script>\n<!-- \/ Yoast SEO plugin. -->","yoast_head_json":{"title":"Podatkovni center \u2013 opremljen za to, kar prihaja - kontron","description":"Hitro odziven, visoko razpolo\u017eljiv, preprosto raz\u0161irljiv podatkovni center, ki varno hrani va\u0161e podatke in jih hkrati strukturira, kar omogo\u010da u\u010dinkovito podporo va\u0161im poslovnim odlo\u010ditvam in nemotenem izvajanju poslovnih procesov.","robots":{"index":"index","follow":"follow","max-snippet":"max-snippet:-1","max-image-preview":"max-image-preview:large","max-video-preview":"max-video-preview:-1"},"canonical":"https:\/\/kontron-slovenia.com\/sl\/podatkovni-center-opremljen-za-to-kar-prihaja\/","og_locale":"sl_SI","og_type":"article","og_title":"Podatkovni center \u2013 opremljen za to, kar prihaja - kontron","og_description":"Hitro odziven, visoko razpolo\u017eljiv, preprosto raz\u0161irljiv podatkovni center, ki varno hrani va\u0161e podatke in jih hkrati strukturira, kar omogo\u010da u\u010dinkovito podporo va\u0161im poslovnim odlo\u010ditvam in nemotenem izvajanju poslovnih procesov.","og_url":"https:\/\/kontron-slovenia.com\/sl\/podatkovni-center-opremljen-za-to-kar-prihaja\/","og_site_name":"kontron","article_modified_time":"2024-02-29T13:14:12+00:00","og_image":[{"width":700,"height":412,"url":"https:\/\/kontron-slovenia.com\/wp-content\/uploads\/2023\/05\/nivo3_Opticne-sirokopasovne-resitve__cover-image.webp","type":"image\/webp"}],"twitter_card":"summary_large_image","schema":{"@context":"https:\/\/schema.org","@graph":[{"@type":"WebPage","@id":"https:\/\/kontron-slovenia.com\/sl\/podatkovni-center-opremljen-za-to-kar-prihaja\/","url":"https:\/\/kontron-slovenia.com\/sl\/podatkovni-center-opremljen-za-to-kar-prihaja\/","name":"Podatkovni center \u2013 opremljen za to, kar prihaja - kontron","isPartOf":{"@id":"https:\/\/kontron-slovenia.com\/sl\/#website"},"primaryImageOfPage":{"@id":"https:\/\/kontron-slovenia.com\/sl\/podatkovni-center-opremljen-za-to-kar-prihaja\/#primaryimage"},"image":{"@id":"https:\/\/kontron-slovenia.com\/sl\/podatkovni-center-opremljen-za-to-kar-prihaja\/#primaryimage"},"thumbnailUrl":"https:\/\/kontron-slovenia.com\/wp-content\/uploads\/2023\/05\/nivo3_Opticne-sirokopasovne-resitve__cover-image.webp","datePublished":"2023-06-21T09:38:18+00:00","dateModified":"2024-02-29T13:14:12+00:00","description":"Hitro odziven, visoko razpolo\u017eljiv, preprosto raz\u0161irljiv podatkovni center, ki varno hrani va\u0161e podatke in jih hkrati strukturira, kar omogo\u010da u\u010dinkovito podporo va\u0161im poslovnim odlo\u010ditvam in nemotenem izvajanju poslovnih procesov.","breadcrumb":{"@id":"https:\/\/kontron-slovenia.com\/sl\/podatkovni-center-opremljen-za-to-kar-prihaja\/#breadcrumb"},"inLanguage":"sl-SI","potentialAction":[{"@type":"ReadAction","target":["https:\/\/kontron-slovenia.com\/sl\/podatkovni-center-opremljen-za-to-kar-prihaja\/"]}]},{"@type":"ImageObject","inLanguage":"sl-SI","@id":"https:\/\/kontron-slovenia.com\/sl\/podatkovni-center-opremljen-za-to-kar-prihaja\/#primaryimage","url":"https:\/\/kontron-slovenia.com\/wp-content\/uploads\/2023\/05\/nivo3_Opticne-sirokopasovne-resitve__cover-image.webp","contentUrl":"https:\/\/kontron-slovenia.com\/wp-content\/uploads\/2023\/05\/nivo3_Opticne-sirokopasovne-resitve__cover-image.webp","width":700,"height":412},{"@type":"BreadcrumbList","@id":"https:\/\/kontron-slovenia.com\/sl\/podatkovni-center-opremljen-za-to-kar-prihaja\/#breadcrumb","itemListElement":[{"@type":"ListItem","position":1,"name":"Kontron","item":"https:\/\/kontron-slovenia.com\/sl\/"},{"@type":"ListItem","position":2,"name":"Podatkovni center \u2013 opremljen za to, kar prihaja"}]},{"@type":"WebSite","@id":"https:\/\/kontron-slovenia.com\/sl\/#website","url":"https:\/\/kontron-slovenia.com\/sl\/","name":"Kontron","description":"","publisher":{"@id":"https:\/\/kontron-slovenia.com\/sl\/#organization"},"potentialAction":[{"@type":"SearchAction","target":{"@type":"EntryPoint","urlTemplate":"https:\/\/kontron-slovenia.com\/sl\/?s={search_term_string}"},"query-input":{"@type":"PropertyValueSpecification","valueRequired":true,"valueName":"search_term_string"}}],"inLanguage":"sl-SI"},{"@type":"Organization","@id":"https:\/\/kontron-slovenia.com\/sl\/#organization","name":"Kontron","url":"https:\/\/kontron-slovenia.com\/sl\/","logo":{"@type":"ImageObject","inLanguage":"sl-SI","@id":"https:\/\/kontron-slovenia.com\/sl\/#\/schema\/logo\/image\/","url":"https:\/\/kontron-slovenia.com\/wp-content\/uploads\/2023\/06\/kontron-logo.png","contentUrl":"https:\/\/kontron-slovenia.com\/wp-content\/uploads\/2023\/06\/kontron-logo.png","width":384,"height":72,"caption":"Kontron"},"image":{"@id":"https:\/\/kontron-slovenia.com\/sl\/#\/schema\/logo\/image\/"}}]}},"_links":{"self":[{"href":"https:\/\/kontron-slovenia.com\/sl\/wp-json\/wp\/v2\/pages\/5541","targetHints":{"allow":["GET"]}}],"collection":[{"href":"https:\/\/kontron-slovenia.com\/sl\/wp-json\/wp\/v2\/pages"}],"about":[{"href":"https:\/\/kontron-slovenia.com\/sl\/wp-json\/wp\/v2\/types\/page"}],"author":[{"embeddable":true,"href":"https:\/\/kontron-slovenia.com\/sl\/wp-json\/wp\/v2\/users\/4"}],"replies":[{"embeddable":true,"href":"https:\/\/kontron-slovenia.com\/sl\/wp-json\/wp\/v2\/comments?post=5541"}],"version-history":[{"count":30,"href":"https:\/\/kontron-slovenia.com\/sl\/wp-json\/wp\/v2\/pages\/5541\/revisions"}],"predecessor-version":[{"id":20461,"href":"https:\/\/kontron-slovenia.com\/sl\/wp-json\/wp\/v2\/pages\/5541\/revisions\/20461"}],"wp:featuredmedia":[{"embeddable":true,"href":"https:\/\/kontron-slovenia.com\/sl\/wp-json\/wp\/v2\/media\/6045"}],"wp:attachment":[{"href":"https:\/\/kontron-slovenia.com\/sl\/wp-json\/wp\/v2\/media?parent=5541"}],"curies":[{"name":"wp","href":"https:\/\/api.w.org\/{rel}","templated":true}]}}